{"id":2881,"date":"2022-03-10T16:55:35","date_gmt":"2022-03-10T16:55:35","guid":{"rendered":"https:\/\/thevield.com\/consult\/"},"modified":"2025-05-28T07:29:58","modified_gmt":"2025-05-28T07:29:58","slug":"consult","status":"publish","type":"page","link":"https:\/\/thevield.com\/de\/consult\/","title":{"rendered":"Space Design"},"content":{"rendered":"<div class=\"wpb-content-wrapper\"><p>[vc_row el_class=&#8220;paratituraro&#8220;][vc_column][vc_column_text css=&#8220;&#8220; el_class=&#8220;taronja&#8220;]<\/p>\n<h3><span style=\"vertical-align: inherit;\"><span style=\"vertical-align: inherit;\">DESIGN<\/span><\/span><\/h3>\n<p>[\/vc_column_text][vc_column_text css=&#8220;&#8220; el_class=&#8220;titurarolocation&#8220;]<\/p>\n<h1><span style=\"vertical-align: inherit;\">RAUMMACHER<\/span><\/h1>\n<p>[\/vc_column_text][vc_empty_space height=&#8220;45px&#8220;][\/vc_column][\/vc_row][vc_row][vc_column width=&#8220;1\/2&#8243; el_class=&#8220;columuna&#8220;][vc_single_image image=&#8220;1105&#8243; img_size=&#8220;full&#8220; alignment=&#8220;center&#8220; css=&#8220;&#8220; image_hovers=&#8220;false&#8220; el_class=&#8220;imageneshome&#8220;][\/vc_column][vc_column width=&#8220;1\/2&#8243; el_class=&#8220;columdos&#8220;][vc_column_text css=&#8220;&#8220;]<span style=\"vertical-align: inherit;\">Wenn wir eines gelernt haben, dann, dass die Eier, die man von einem Huhn erwarten kann, vom H\u00fchnerstall abh\u00e4ngen. Und auch wenn es nicht wirklich ok ist euer Team mit H\u00fchnern zu vergleichen, sind wir mal ehrlich: Es sind die Eier, hinter denen jeder her ist.<\/span><\/p>\n<p><span style=\"vertical-align: inherit;\">Wir lieben Raum, ihn zu erkunden, zu planen, zu gestalten und unsere Ideen in die Tat umzusetzen.<\/span><\/p>\n<p><span style=\"vertical-align: inherit;\">Mit euch und f\u00fcr euch den perfekten Raum, die perfekten M\u00f6bel oder was auch immer ihr sucht und braucht zu erschaffen lieben wir &#8211; und glaubt uns, wenn wir sagen \u2013 es muss nicht einmal <\/span><span style=\"vertical-align: inherit;\">unversch\u00e4mt teuer sein.\u00a0<\/span><\/p>\n<p><span style=\"vertical-align: inherit;\">Kontaktiert uns!<\/span>[\/vc_column_text][vc_empty_space][vc_empty_space][vc_empty_space][\/vc_column][\/vc_row][vc_row full_width=&#8220;stretch_row&#8220; content_placement=&#8220;middle&#8220; el_class=&#8220;bandaimagen&#8220; css=&#8220;.vc_custom_1652946375054{background-image: url(https:\/\/thevield.com\/wp-content\/uploads\/2022\/05\/vickholius-nugroho-jt6QxZwSOCQ-unsplash-scaled-1.jpg?id=2231) !important;background-position: center !important;background-repeat: no-repeat !important;background-size: cover !important;}&#8220;][vc_column css=&#8220;.vc_custom_1644920759664{padding-top: 0px !important;}&#8220;][vc_column_text css=&#8220;&#8220; el_class=&#8220;blanco supertitoldos superparrafo&#8220;]<\/p>\n<p style=\"text-align: center;\">Komm rein oder bleib draussen. Das liegt v\u00f6llig bei dir. Ich habe noch nie jemand gezwungen!\u2019<\/p>\n<p>[\/vc_column_text][vc_column_text css=&#8220;&#8220; el_class=&#8220;blanco microtext&#8220;]<\/p>\n<p style=\"text-align: center;\">Pippi Langstrumpf<\/p>\n<p>[\/vc_column_text][\/vc_column][\/vc_row]<\/p>\n<\/div>","protected":false},"excerpt":{"rendered":"<p>[vc_row el_class=&#8220;paratituraro&#8220;][vc_column][vc_column_text css=&#8220;&#8220; el_class=&#8220;taronja&#8220;] DESIGN [\/vc_column_text][vc_column_text css=&#8220;&#8220; el_class=&#8220;titurarolocation&#8220;] RAUMMACHER [\/vc_column_text][vc_empty_space height=&#8220;45px&#8220;][\/vc_column][\/vc_row][vc_row][vc_column width=&#8220;1\/2&#8243; el_class=&#8220;columuna&#8220;][vc_single_image image=&#8220;1105&#8243; img_size=&#8220;full&#8220; alignment=&#8220;center&#8220; css=&#8220;&#8220; image_hovers=&#8220;false&#8220; el_class=&#8220;imageneshome&#8220;][\/vc_column][vc_column width=&#8220;1\/2&#8243; el_class=&#8220;columdos&#8220;][vc_column_text css=&#8220;&#8220;]Wenn wir eines gelernt haben, dann, dass die Eier, die man von einem Huhn erwarten kann, vom H\u00fchnerstall abh\u00e4ngen. Und auch wenn es nicht wirklich ok ist euer Team mit H\u00fchnern zu vergleichen, sind&hellip;<\/p>\n","protected":false},"author":1,"featured_media":0,"parent":0,"menu_order":3,"comment_status":"closed","ping_status":"closed","template":"","meta":{"om_disable_all_campaigns":false,"inline_featured_image":false,"_monsterinsights_skip_tracking":false,"_monsterinsights_sitenote_active":false,"_monsterinsights_sitenote_note":"","_monsterinsights_sitenote_category":0,"footnotes":""},"class_list":["post-2881","page","type-page","status-publish","hentry","description-off"],"acf":[],"yoast_head":"<!-- This site is optimized with the Yoast SEO plugin v25.0 - https:\/\/yoast.com\/wordpress\/plugins\/seo\/ -->\n<title>Space Design - The Vield<\/title>\n<meta name=\"robots\" content=\"index, follow, max-snippet:-1, max-image-preview:large, max-video-preview:-1\" \/>\n<link rel=\"canonical\" href=\"https:\/\/thevield.com\/de\/consult\/\" \/>\n<meta property=\"og:locale\" content=\"de_DE\" \/>\n<meta property=\"og:type\" content=\"article\" \/>\n<meta property=\"og:title\" content=\"Space Design - The Vield\" \/>\n<meta property=\"og:description\" content=\"[vc_row el_class=&#8220;paratituraro&#8220;][vc_column][vc_column_text css=&#8220;&#8220; el_class=&#8220;taronja&#8220;] DESIGN [\/vc_column_text][vc_column_text css=&#8220;&#8220; el_class=&#8220;titurarolocation&#8220;] RAUMMACHER [\/vc_column_text][vc_empty_space height=&#8220;45px&#8220;][\/vc_column][\/vc_row][vc_row][vc_column width=&#8220;1\/2&#8243; el_class=&#8220;columuna&#8220;][vc_single_image image=&#8220;1105&#8243; img_size=&#8220;full&#8220; alignment=&#8220;center&#8220; css=&#8220;&#8220; image_hovers=&#8220;false&#8220; el_class=&#8220;imageneshome&#8220;][\/vc_column][vc_column width=&#8220;1\/2&#8243; el_class=&#8220;columdos&#8220;][vc_column_text css=&#8220;&#8220;]Wenn wir eines gelernt haben, dann, dass die Eier, die man von einem Huhn erwarten kann, vom H\u00fchnerstall abh\u00e4ngen. Und auch wenn es nicht wirklich ok ist euer Team mit H\u00fchnern zu vergleichen, sind&hellip;\" \/>\n<meta property=\"og:url\" content=\"https:\/\/thevield.com\/de\/consult\/\" \/>\n<meta property=\"og:site_name\" content=\"The Vield\" \/>\n<meta property=\"article:publisher\" content=\"https:\/\/www.facebook.com\/thevield\" \/>\n<meta property=\"article:modified_time\" content=\"2025-05-28T07:29:58+00:00\" \/>\n<meta name=\"twitter:card\" content=\"summary_large_image\" \/>\n<meta name=\"twitter:label1\" content=\"Gesch\u00e4tzte Lesezeit\" \/>\n\t<meta name=\"twitter:data1\" content=\"1\u00a0Minute\" \/>\n<script type=\"application\/ld+json\" class=\"yoast-schema-graph\">{\"@context\":\"https:\/\/schema.org\",\"@graph\":[{\"@type\":\"WebPage\",\"@id\":\"https:\/\/thevield.com\/de\/consult\/\",\"url\":\"https:\/\/thevield.com\/de\/consult\/\",\"name\":\"Space Design - The Vield\",\"isPartOf\":{\"@id\":\"https:\/\/thevield.com\/de\/#website\"},\"datePublished\":\"2022-03-10T16:55:35+00:00\",\"dateModified\":\"2025-05-28T07:29:58+00:00\",\"breadcrumb\":{\"@id\":\"https:\/\/thevield.com\/de\/consult\/#breadcrumb\"},\"inLanguage\":\"de\",\"potentialAction\":[{\"@type\":\"ReadAction\",\"target\":[\"https:\/\/thevield.com\/de\/consult\/\"]}]},{\"@type\":\"BreadcrumbList\",\"@id\":\"https:\/\/thevield.com\/de\/consult\/#breadcrumb\",\"itemListElement\":[{\"@type\":\"ListItem\",\"position\":1,\"name\":\"Home\",\"item\":\"https:\/\/thevield.com\/de\/\"},{\"@type\":\"ListItem\",\"position\":2,\"name\":\"Space Design\"}]},{\"@type\":\"WebSite\",\"@id\":\"https:\/\/thevield.com\/de\/#website\",\"url\":\"https:\/\/thevield.com\/de\/\",\"name\":\"The Vield\",\"description\":\"Just another WordPress site\",\"publisher\":{\"@id\":\"https:\/\/thevield.com\/de\/#organization\"},\"potentialAction\":[{\"@type\":\"SearchAction\",\"target\":{\"@type\":\"EntryPoint\",\"urlTemplate\":\"https:\/\/thevield.com\/de\/?s={search_term_string}\"},\"query-input\":{\"@type\":\"PropertyValueSpecification\",\"valueRequired\":true,\"valueName\":\"search_term_string\"}}],\"inLanguage\":\"de\"},{\"@type\":\"Organization\",\"@id\":\"https:\/\/thevield.com\/de\/#organization\",\"name\":\"THE VIELD\",\"url\":\"https:\/\/thevield.com\/de\/\",\"logo\":{\"@type\":\"ImageObject\",\"inLanguage\":\"de\",\"@id\":\"https:\/\/thevield.com\/de\/#\/schema\/logo\/image\/\",\"url\":\"https:\/\/thevield.com\/wp-content\/uploads\/2022\/11\/THE-VIELD-LOGO.jpg\",\"contentUrl\":\"https:\/\/thevield.com\/wp-content\/uploads\/2022\/11\/THE-VIELD-LOGO.jpg\",\"width\":1024,\"height\":555,\"caption\":\"THE VIELD\"},\"image\":{\"@id\":\"https:\/\/thevield.com\/de\/#\/schema\/logo\/image\/\"},\"sameAs\":[\"https:\/\/www.facebook.com\/thevield\",\"https:\/\/www.instagram.com\/the_vield\/\",\"https:\/\/www.linkedin.com\/company\/the-vield\/\"]}]}<\/script>\n<!-- \/ Yoast SEO plugin. -->","yoast_head_json":{"title":"Space Design - The Vield","robots":{"index":"index","follow":"follow","max-snippet":"max-snippet:-1","max-image-preview":"max-image-preview:large","max-video-preview":"max-video-preview:-1"},"canonical":"https:\/\/thevield.com\/de\/consult\/","og_locale":"de_DE","og_type":"article","og_title":"Space Design - The Vield","og_description":"[vc_row el_class=&#8220;paratituraro&#8220;][vc_column][vc_column_text css=&#8220;&#8220; el_class=&#8220;taronja&#8220;] DESIGN [\/vc_column_text][vc_column_text css=&#8220;&#8220; el_class=&#8220;titurarolocation&#8220;] RAUMMACHER [\/vc_column_text][vc_empty_space height=&#8220;45px&#8220;][\/vc_column][\/vc_row][vc_row][vc_column width=&#8220;1\/2&#8243; el_class=&#8220;columuna&#8220;][vc_single_image image=&#8220;1105&#8243; img_size=&#8220;full&#8220; alignment=&#8220;center&#8220; css=&#8220;&#8220; image_hovers=&#8220;false&#8220; el_class=&#8220;imageneshome&#8220;][\/vc_column][vc_column width=&#8220;1\/2&#8243; el_class=&#8220;columdos&#8220;][vc_column_text css=&#8220;&#8220;]Wenn wir eines gelernt haben, dann, dass die Eier, die man von einem Huhn erwarten kann, vom H\u00fchnerstall abh\u00e4ngen. Und auch wenn es nicht wirklich ok ist euer Team mit H\u00fchnern zu vergleichen, sind&hellip;","og_url":"https:\/\/thevield.com\/de\/consult\/","og_site_name":"The Vield","article_publisher":"https:\/\/www.facebook.com\/thevield","article_modified_time":"2025-05-28T07:29:58+00:00","twitter_card":"summary_large_image","twitter_misc":{"Gesch\u00e4tzte Lesezeit":"1\u00a0Minute"},"schema":{"@context":"https:\/\/schema.org","@graph":[{"@type":"WebPage","@id":"https:\/\/thevield.com\/de\/consult\/","url":"https:\/\/thevield.com\/de\/consult\/","name":"Space Design - The Vield","isPartOf":{"@id":"https:\/\/thevield.com\/de\/#website"},"datePublished":"2022-03-10T16:55:35+00:00","dateModified":"2025-05-28T07:29:58+00:00","breadcrumb":{"@id":"https:\/\/thevield.com\/de\/consult\/#breadcrumb"},"inLanguage":"de","potentialAction":[{"@type":"ReadAction","target":["https:\/\/thevield.com\/de\/consult\/"]}]},{"@type":"BreadcrumbList","@id":"https:\/\/thevield.com\/de\/consult\/#breadcrumb","itemListElement":[{"@type":"ListItem","position":1,"name":"Home","item":"https:\/\/thevield.com\/de\/"},{"@type":"ListItem","position":2,"name":"Space Design"}]},{"@type":"WebSite","@id":"https:\/\/thevield.com\/de\/#website","url":"https:\/\/thevield.com\/de\/","name":"The Vield","description":"Just another WordPress site","publisher":{"@id":"https:\/\/thevield.com\/de\/#organization"},"potentialAction":[{"@type":"SearchAction","target":{"@type":"EntryPoint","urlTemplate":"https:\/\/thevield.com\/de\/?s={search_term_string}"},"query-input":{"@type":"PropertyValueSpecification","valueRequired":true,"valueName":"search_term_string"}}],"inLanguage":"de"},{"@type":"Organization","@id":"https:\/\/thevield.com\/de\/#organization","name":"THE VIELD","url":"https:\/\/thevield.com\/de\/","logo":{"@type":"ImageObject","inLanguage":"de","@id":"https:\/\/thevield.com\/de\/#\/schema\/logo\/image\/","url":"https:\/\/thevield.com\/wp-content\/uploads\/2022\/11\/THE-VIELD-LOGO.jpg","contentUrl":"https:\/\/thevield.com\/wp-content\/uploads\/2022\/11\/THE-VIELD-LOGO.jpg","width":1024,"height":555,"caption":"THE VIELD"},"image":{"@id":"https:\/\/thevield.com\/de\/#\/schema\/logo\/image\/"},"sameAs":["https:\/\/www.facebook.com\/thevield","https:\/\/www.instagram.com\/the_vield\/","https:\/\/www.linkedin.com\/company\/the-vield\/"]}]}},"_links":{"self":[{"href":"https:\/\/thevield.com\/de\/wp-json\/wp\/v2\/pages\/2881","targetHints":{"allow":["GET"]}}],"collection":[{"href":"https:\/\/thevield.com\/de\/wp-json\/wp\/v2\/pages"}],"about":[{"href":"https:\/\/thevield.com\/de\/wp-json\/wp\/v2\/types\/page"}],"author":[{"embeddable":true,"href":"https:\/\/thevield.com\/de\/wp-json\/wp\/v2\/users\/1"}],"replies":[{"embeddable":true,"href":"https:\/\/thevield.com\/de\/wp-json\/wp\/v2\/comments?post=2881"}],"version-history":[{"count":4,"href":"https:\/\/thevield.com\/de\/wp-json\/wp\/v2\/pages\/2881\/revisions"}],"predecessor-version":[{"id":2984,"href":"https:\/\/thevield.com\/de\/wp-json\/wp\/v2\/pages\/2881\/revisions\/2984"}],"wp:attachment":[{"href":"https:\/\/thevield.com\/de\/wp-json\/wp\/v2\/media?parent=2881"}],"curies":[{"name":"wp","href":"https:\/\/api.w.org\/{rel}","templated":true}]}}