{"id":2882,"date":"2022-03-10T16:41:03","date_gmt":"2022-03-10T16:41:03","guid":{"rendered":"https:\/\/thevield.com\/support\/"},"modified":"2025-05-28T09:05:48","modified_gmt":"2025-05-28T09:05:48","slug":"support","status":"publish","type":"page","link":"https:\/\/thevield.com\/de\/support\/","title":{"rendered":"Unterst\u00fctzung"},"content":{"rendered":"<div class=\"wpb-content-wrapper\"><p>[vc_row el_class=&#8220;paratituraro&#8220;][vc_column][vc_column_text css=&#8220;&#8220; el_class=&#8220;taronja&#8220;]<\/p>\n<h3><span style=\"vertical-align: inherit;\"><span style=\"vertical-align: inherit;\">SUPPORT<\/span><\/span><\/h3>\n<p>[\/vc_column_text][vc_column_text css=&#8220;&#8220; el_class=&#8220;titurarolocation&#8220;]<\/p>\n<h1><span style=\"vertical-align: inherit;\"><span style=\"vertical-align: inherit;\">WIR SCHAFFEN DAS<\/span><\/span><\/h1>\n<p>[\/vc_column_text][vc_empty_space height=&#8220;45px&#8220;][\/vc_column][\/vc_row][vc_row][vc_column width=&#8220;1\/2&#8243; el_class=&#8220;columuna&#8220;][vc_single_image image=&#8220;2413&#8243; img_size=&#8220;full&#8220; alignment=&#8220;center&#8220; image_hovers=&#8220;false&#8220; el_class=&#8220;imageneshome&#8220;][\/vc_column][vc_column width=&#8220;1\/2&#8243; el_class=&#8220;columdos&#8220;][vc_column_text css=&#8220;&#8220;]<span style=\"vertical-align: inherit;\">Ein Offsite ist f\u00fcr eure Mitarbeiter keine Freizeit, sondern Arbeitszeit. Nutzt die Gelegenheit und diese Zeit aus und lasst euch von einem Profi helfen &#8211; Coaching, Moderation, Inputs&#8230; wir helfen euch damit. Die beste Team Erfahrung ist immer noch, gemeinsam etwas zu erreichen und wirklich effizient zu sein.<\/span><\/p>\n<p><span style=\"vertical-align: inherit;\">Wir haben ein breites Spektrum an Profis, die gerne mit euch arbeiten. Das Beste daran: Ihr zahlt die \u00fcblichen Kosten, w\u00e4hrend wir das Essen, Unterbringung, An- und Abreise \u00fcbernehmen.\u00a0\u00a0<\/span>[\/vc_column_text][vc_empty_space height=&#8220;75px&#8220; el_class=&#8220;espaciolocation&#8220;][\/vc_column][\/vc_row][vc_row full_width=&#8220;stretch_row&#8220; content_placement=&#8220;middle&#8220; el_class=&#8220;bandaimagencuadrada&#8220; css=&#8220;.vc_custom_1652685069029{background-image: url(http:\/\/thevield.com\/wp-content\/uploads\/2022\/05\/00100dPORTRAIT_00100_BURST20200904154814425_COVER.jpg?id=896) !important;background-position: center !important;background-repeat: no-repeat !important;background-size: cover !important;}&#8220;][vc_column css=&#8220;.vc_custom_1644920759664{padding-top: 0px !important;}&#8220;][vc_column_text css=&#8220;&#8220; el_class=&#8220;blanco supertitoldos superparrafoloca&#8220;]<\/p>\n<p style=\"text-align: center;\"><span style=\"vertical-align: inherit;\">\u201eWeise F\u00fchrer haben im allgemeinen weise Berater, denn um sie zu erkennen, muss man selbst weise sein.\u201c<\/span><\/p>\n<p>[\/vc_column_text][vc_column_text el_class=&#8220;blanco microtext&#8220;]<\/p>\n<p style=\"text-align: center;\">Diogenes<\/p>\n<p>[\/vc_column_text][\/vc_column][\/vc_row][vc_row][vc_column][vc_empty_space height=&#8220;75px&#8220; el_class=&#8220;espaciolocation&#8220;][vc_raw_html]JTVCd2Jjcl9waHBfc25pcHBldCUyMGlkJTNEJTIyMzMwJTIyJTVE[\/vc_raw_html][vc_raw_html]JTVCd2Jjcl9qc19zbmlwcGV0JTIwaWQlM0QlMjIyMzElMjIlNUQ=[\/vc_raw_html][vc_empty_space height=&#8220;75px&#8220; el_class=&#8220;espaciolocation&#8220;][\/vc_column][\/vc_row][vc_row full_width=&#8220;stretch_row&#8220; content_placement=&#8220;middle&#8220; el_class=&#8220;bandaimagen&#8220; css=&#8220;.vc_custom_1657817035215{background-image: url(https:\/\/thevield.com\/wp-content\/uploads\/2022\/05\/tor-scaled.jpg?id=1899) !important;background-position: center !important;background-repeat: no-repeat !important;background-size: cover !important;}&#8220;][vc_column css=&#8220;.vc_custom_1644920759664{padding-top: 0px !important;}&#8220;][vc_column_text css=&#8220;&#8220; el_class=&#8220;blanco supertitoldos superparrafo&#8220;]<\/p>\n<div class=\"Quote-body\" style=\"text-align: center;\"><span style=\"vertical-align: inherit;\">\u201eWoher soll ich wissen, dass ich Klavier spielen kann, wenn ich es nie versucht habe?\u201c<\/span><\/div>\n<p>[\/vc_column_text][vc_column_text css=&#8220;&#8220; el_class=&#8220;blanco microtext&#8220;]<\/p>\n<p style=\"text-align: center;\"><span style=\"vertical-align: inherit;\">Pippi Langstrumpf<\/span><\/p>\n<p>[\/vc_column_text][\/vc_column][\/vc_row]<\/p>\n<\/div>","protected":false},"excerpt":{"rendered":"<p>[vc_row el_class=&#8220;paratituraro&#8220;][vc_column][vc_column_text css=&#8220;&#8220; el_class=&#8220;taronja&#8220;] SUPPORT [\/vc_column_text][vc_column_text css=&#8220;&#8220; el_class=&#8220;titurarolocation&#8220;] WIR SCHAFFEN DAS [\/vc_column_text][vc_empty_space height=&#8220;45px&#8220;][\/vc_column][\/vc_row][vc_row][vc_column width=&#8220;1\/2&#8243; el_class=&#8220;columuna&#8220;][vc_single_image image=&#8220;2413&#8243; img_size=&#8220;full&#8220; alignment=&#8220;center&#8220; image_hovers=&#8220;false&#8220; el_class=&#8220;imageneshome&#8220;][\/vc_column][vc_column width=&#8220;1\/2&#8243; el_class=&#8220;columdos&#8220;][vc_column_text css=&#8220;&#8220;]Ein Offsite ist f\u00fcr eure Mitarbeiter keine Freizeit, sondern Arbeitszeit. Nutzt die Gelegenheit und diese Zeit aus und lasst euch von einem Profi helfen &#8211; Coaching, Moderation, Inputs&#8230; wir helfen euch damit. Die&hellip;<\/p>\n","protected":false},"author":1,"featured_media":0,"parent":0,"menu_order":4,"comment_status":"closed","ping_status":"closed","template":"","meta":{"om_disable_all_campaigns":false,"inline_featured_image":false,"_monsterinsights_skip_tracking":false,"_monsterinsights_sitenote_active":false,"_monsterinsights_sitenote_note":"","_monsterinsights_sitenote_category":0,"footnotes":""},"class_list":["post-2882","page","type-page","status-publish","hentry","description-off"],"acf":[],"yoast_head":"<!-- This site is optimized with the Yoast SEO plugin v25.0 - https:\/\/yoast.com\/wordpress\/plugins\/seo\/ -->\n<title>Unterst\u00fctzung - The Vield<\/title>\n<meta name=\"description\" content=\"Let us support your team to create the most efficient offsite. Consulting, moderation, coaching - you name it!\" \/>\n<meta name=\"robots\" content=\"index, follow, max-snippet:-1, max-image-preview:large, max-video-preview:-1\" \/>\n<link rel=\"canonical\" href=\"https:\/\/thevield.com\/de\/support\/\" \/>\n<meta property=\"og:locale\" content=\"de_DE\" \/>\n<meta property=\"og:type\" content=\"article\" \/>\n<meta property=\"og:title\" content=\"Unterst\u00fctzung - The Vield\" \/>\n<meta property=\"og:description\" content=\"Let us support your team to create the most efficient offsite. Consulting, moderation, coaching - you name it!\" \/>\n<meta property=\"og:url\" content=\"https:\/\/thevield.com\/de\/support\/\" \/>\n<meta property=\"og:site_name\" content=\"The Vield\" \/>\n<meta property=\"article:publisher\" content=\"https:\/\/www.facebook.com\/thevield\" \/>\n<meta property=\"article:modified_time\" content=\"2025-05-28T09:05:48+00:00\" \/>\n<meta name=\"twitter:card\" content=\"summary_large_image\" \/>\n<meta name=\"twitter:label1\" content=\"Gesch\u00e4tzte Lesezeit\" \/>\n\t<meta name=\"twitter:data1\" content=\"2\u00a0Minuten\" \/>\n<script type=\"application\/ld+json\" class=\"yoast-schema-graph\">{\"@context\":\"https:\/\/schema.org\",\"@graph\":[{\"@type\":\"WebPage\",\"@id\":\"https:\/\/thevield.com\/de\/support\/\",\"url\":\"https:\/\/thevield.com\/de\/support\/\",\"name\":\"Unterst\u00fctzung - The Vield\",\"isPartOf\":{\"@id\":\"https:\/\/thevield.com\/de\/#website\"},\"datePublished\":\"2022-03-10T16:41:03+00:00\",\"dateModified\":\"2025-05-28T09:05:48+00:00\",\"description\":\"Let us support your team to create the most efficient offsite. Consulting, moderation, coaching - you name it!\",\"breadcrumb\":{\"@id\":\"https:\/\/thevield.com\/de\/support\/#breadcrumb\"},\"inLanguage\":\"de\",\"potentialAction\":[{\"@type\":\"ReadAction\",\"target\":[\"https:\/\/thevield.com\/de\/support\/\"]}]},{\"@type\":\"BreadcrumbList\",\"@id\":\"https:\/\/thevield.com\/de\/support\/#breadcrumb\",\"itemListElement\":[{\"@type\":\"ListItem\",\"position\":1,\"name\":\"Home\",\"item\":\"https:\/\/thevield.com\/de\/\"},{\"@type\":\"ListItem\",\"position\":2,\"name\":\"Unterst\u00fctzung\"}]},{\"@type\":\"WebSite\",\"@id\":\"https:\/\/thevield.com\/de\/#website\",\"url\":\"https:\/\/thevield.com\/de\/\",\"name\":\"The Vield\",\"description\":\"Just another WordPress site\",\"publisher\":{\"@id\":\"https:\/\/thevield.com\/de\/#organization\"},\"potentialAction\":[{\"@type\":\"SearchAction\",\"target\":{\"@type\":\"EntryPoint\",\"urlTemplate\":\"https:\/\/thevield.com\/de\/?s={search_term_string}\"},\"query-input\":{\"@type\":\"PropertyValueSpecification\",\"valueRequired\":true,\"valueName\":\"search_term_string\"}}],\"inLanguage\":\"de\"},{\"@type\":\"Organization\",\"@id\":\"https:\/\/thevield.com\/de\/#organization\",\"name\":\"THE VIELD\",\"url\":\"https:\/\/thevield.com\/de\/\",\"logo\":{\"@type\":\"ImageObject\",\"inLanguage\":\"de\",\"@id\":\"https:\/\/thevield.com\/de\/#\/schema\/logo\/image\/\",\"url\":\"https:\/\/thevield.com\/wp-content\/uploads\/2022\/11\/THE-VIELD-LOGO.jpg\",\"contentUrl\":\"https:\/\/thevield.com\/wp-content\/uploads\/2022\/11\/THE-VIELD-LOGO.jpg\",\"width\":1024,\"height\":555,\"caption\":\"THE VIELD\"},\"image\":{\"@id\":\"https:\/\/thevield.com\/de\/#\/schema\/logo\/image\/\"},\"sameAs\":[\"https:\/\/www.facebook.com\/thevield\",\"https:\/\/www.instagram.com\/the_vield\/\",\"https:\/\/www.linkedin.com\/company\/the-vield\/\"]}]}<\/script>\n<!-- \/ Yoast SEO plugin. -->","yoast_head_json":{"title":"Unterst\u00fctzung - The Vield","description":"Let us support your team to create the most efficient offsite. Consulting, moderation, coaching - you name it!","robots":{"index":"index","follow":"follow","max-snippet":"max-snippet:-1","max-image-preview":"max-image-preview:large","max-video-preview":"max-video-preview:-1"},"canonical":"https:\/\/thevield.com\/de\/support\/","og_locale":"de_DE","og_type":"article","og_title":"Unterst\u00fctzung - The Vield","og_description":"Let us support your team to create the most efficient offsite. Consulting, moderation, coaching - you name it!","og_url":"https:\/\/thevield.com\/de\/support\/","og_site_name":"The Vield","article_publisher":"https:\/\/www.facebook.com\/thevield","article_modified_time":"2025-05-28T09:05:48+00:00","twitter_card":"summary_large_image","twitter_misc":{"Gesch\u00e4tzte Lesezeit":"2\u00a0Minuten"},"schema":{"@context":"https:\/\/schema.org","@graph":[{"@type":"WebPage","@id":"https:\/\/thevield.com\/de\/support\/","url":"https:\/\/thevield.com\/de\/support\/","name":"Unterst\u00fctzung - The Vield","isPartOf":{"@id":"https:\/\/thevield.com\/de\/#website"},"datePublished":"2022-03-10T16:41:03+00:00","dateModified":"2025-05-28T09:05:48+00:00","description":"Let us support your team to create the most efficient offsite. Consulting, moderation, coaching - you name it!","breadcrumb":{"@id":"https:\/\/thevield.com\/de\/support\/#breadcrumb"},"inLanguage":"de","potentialAction":[{"@type":"ReadAction","target":["https:\/\/thevield.com\/de\/support\/"]}]},{"@type":"BreadcrumbList","@id":"https:\/\/thevield.com\/de\/support\/#breadcrumb","itemListElement":[{"@type":"ListItem","position":1,"name":"Home","item":"https:\/\/thevield.com\/de\/"},{"@type":"ListItem","position":2,"name":"Unterst\u00fctzung"}]},{"@type":"WebSite","@id":"https:\/\/thevield.com\/de\/#website","url":"https:\/\/thevield.com\/de\/","name":"The Vield","description":"Just another WordPress site","publisher":{"@id":"https:\/\/thevield.com\/de\/#organization"},"potentialAction":[{"@type":"SearchAction","target":{"@type":"EntryPoint","urlTemplate":"https:\/\/thevield.com\/de\/?s={search_term_string}"},"query-input":{"@type":"PropertyValueSpecification","valueRequired":true,"valueName":"search_term_string"}}],"inLanguage":"de"},{"@type":"Organization","@id":"https:\/\/thevield.com\/de\/#organization","name":"THE VIELD","url":"https:\/\/thevield.com\/de\/","logo":{"@type":"ImageObject","inLanguage":"de","@id":"https:\/\/thevield.com\/de\/#\/schema\/logo\/image\/","url":"https:\/\/thevield.com\/wp-content\/uploads\/2022\/11\/THE-VIELD-LOGO.jpg","contentUrl":"https:\/\/thevield.com\/wp-content\/uploads\/2022\/11\/THE-VIELD-LOGO.jpg","width":1024,"height":555,"caption":"THE VIELD"},"image":{"@id":"https:\/\/thevield.com\/de\/#\/schema\/logo\/image\/"},"sameAs":["https:\/\/www.facebook.com\/thevield","https:\/\/www.instagram.com\/the_vield\/","https:\/\/www.linkedin.com\/company\/the-vield\/"]}]}},"_links":{"self":[{"href":"https:\/\/thevield.com\/de\/wp-json\/wp\/v2\/pages\/2882","targetHints":{"allow":["GET"]}}],"collection":[{"href":"https:\/\/thevield.com\/de\/wp-json\/wp\/v2\/pages"}],"about":[{"href":"https:\/\/thevield.com\/de\/wp-json\/wp\/v2\/types\/page"}],"author":[{"embeddable":true,"href":"https:\/\/thevield.com\/de\/wp-json\/wp\/v2\/users\/1"}],"replies":[{"embeddable":true,"href":"https:\/\/thevield.com\/de\/wp-json\/wp\/v2\/comments?post=2882"}],"version-history":[{"count":5,"href":"https:\/\/thevield.com\/de\/wp-json\/wp\/v2\/pages\/2882\/revisions"}],"predecessor-version":[{"id":2988,"href":"https:\/\/thevield.com\/de\/wp-json\/wp\/v2\/pages\/2882\/revisions\/2988"}],"wp:attachment":[{"href":"https:\/\/thevield.com\/de\/wp-json\/wp\/v2\/media?parent=2882"}],"curies":[{"name":"wp","href":"https:\/\/api.w.org\/{rel}","templated":true}]}}