{"id":2888,"date":"2022-03-04T10:07:42","date_gmt":"2022-03-04T10:07:42","guid":{"rendered":"https:\/\/thevield.com\/about-us\/"},"modified":"2025-05-28T07:32:42","modified_gmt":"2025-05-28T07:32:42","slug":"about-us","status":"publish","type":"page","link":"https:\/\/thevield.com\/de\/about-us\/","title":{"rendered":"About us"},"content":{"rendered":"<div class=\"wpb-content-wrapper\"><p>[vc_row el_class=&#8220;paratituraro&#8220;][vc_column][vc_column_text css=&#8220;&#8220; el_class=&#8220;taronja&#8220;]<\/p>\n<h3>\u00dcber uns<\/h3>\n<p>[\/vc_column_text][vc_column_text css=&#8220;&#8220; el_class=&#8220;tituraroabout&#8220;]<\/p>\n<h1>Die Vield-Troopers<\/h1>\n<p>[\/vc_column_text][\/vc_column][\/vc_row][vc_row full_width=&#8220;stretch_row&#8220; content_placement=&#8220;middle&#8220; el_class=&#8220;bandaimagen&#8220; css=&#8220;.vc_custom_1660240912936{background-image: url(https:\/\/thevield.com\/wp-content\/uploads\/2022\/08\/PXL_20220803_162556439.PORTRAIT.jpg?id=2357) !important;background-position: center !important;background-repeat: no-repeat !important;background-size: cover !important;}&#8220;][vc_column css=&#8220;.vc_custom_1644920759664{padding-top: 0px !important;}&#8220;][vc_column_text css=&#8220;&#8220; el_class=&#8220;blanco supertitoldos superparrafo&#8220;]<\/p>\n<p style=\"text-align: center;\">\u201eWenn Menschen mehr draussen sitzen und jeden Abend die Sterne anschauen w\u00fcrden, wette ich, sie w\u00fcrden ein ganz anderes Leben f\u00fchren.\u201c<\/p>\n<p>[\/vc_column_text][vc_column_text el_class=&#8220;blanco microtext&#8220;]<\/p>\n<p style=\"text-align: center;\">Hobbes (Calvin &amp; Hobbes)<\/p>\n<p>[\/vc_column_text][\/vc_column][\/vc_row][vc_row][vc_column][vc_empty_space height=&#8220;50px&#8220; el_class=&#8220;espaciosparaabout&#8220;][\/vc_column][\/vc_row][vc_row][vc_column width=&#8220;1\/2&#8243; el_class=&#8220;parados&#8220;][vc_row_inner][vc_column_inner el_class=&#8220;columunoabout&#8220; width=&#8220;1\/2&#8243;][vc_single_image image=&#8220;2105&#8243; img_size=&#8220;full&#8220; el_class=&#8220;imageneshome&#8220;][\/vc_column_inner][vc_column_inner el_class=&#8220;columdosabout&#8220; width=&#8220;1\/2&#8243;][vc_column_text css=&#8220;.vc_custom_1652862256063{margin-bottom: 0px !important;}&#8220; el_class=&#8220;taronja elaboutuno&#8220;]<\/p>\n<h3>THE LOUISA<\/h3>\n<p>[\/vc_column_text][vc_column_text css=&#8220;.vc_custom_1646391715895{margin-bottom: 5px !important;}&#8220; el_class=&#8220;subabout&#8220;]Co-Founder und CEO[\/vc_column_text][vc_column_text css=&#8220;&#8220; el_class=&#8220;textpequeabout&#8220;]<span style=\"vertical-align: inherit;\">Als <\/span><a href=\"https:\/\/www.linkedin.com\/in\/louisa-l%C3%B6wenstein-66028729\/?originalSubdomain=de\"><span style=\"vertical-align: inherit;\">Unternehmensberaterin<\/span><\/a><span style=\"vertical-align: inherit;\"> liebt sie es, Dinge zu zerst\u00f6ren, neu zu ordnen und (neu) zu erschaffen. Die Bezeichnung \u201eSelbstdisruption\u201c und \u201eResilienzstrategie\u201c klingt gut. Malerin und Fotografin, Ghostwriterin, Architekturplanerin, zweifache Mutter, f\u00fcnffache Schwester, Dozentin f\u00fcr Design Thinking am Hasso-Plattner-Institut, Studentin der Islam- und Judaistik und Drehbuch-Stipendiatin an der HFF M\u00fcnchen \u2013 das klingt eher verwirrend, ist aber Teil des Masterplans.<\/span>[\/vc_column_text][\/vc_column_inner][\/vc_row_inner][\/vc_column][vc_column width=&#8220;1\/2&#8243;][vc_row_inner][vc_column_inner el_class=&#8220;columunoabout&#8220; width=&#8220;1\/2&#8243;][vc_single_image image=&#8220;1023&#8243; img_size=&#8220;full&#8220; el_class=&#8220;imageneshome&#8220;][\/vc_column_inner][vc_column_inner el_class=&#8220;columdosabout&#8220; width=&#8220;1\/2&#8243;][vc_column_text css=&#8220;.vc_custom_1652862268082{margin-bottom: 0px !important;}&#8220; el_class=&#8220;taronja elaboutuno&#8220;]<\/p>\n<h3>THE CASPAR<\/h3>\n<p>[\/vc_column_text][vc_column_text css=&#8220;.vc_custom_1747292111520{margin-bottom: 5px !important;}&#8220; el_class=&#8220;subabout&#8220;]<span style=\"vertical-align: inherit;\"><span style=\"vertical-align: inherit;\">Mitgr\u00fcnder\u00a0<\/span><\/span>[\/vc_column_text][vc_column_text css=&#8220;&#8220; el_class=&#8220;textpequeabout&#8220;]<\/p>\n<div dir=\"ltr\"><a href=\"https:\/\/www.linkedin.com\/in\/caspar-schmick-digitalexpert\/?originalSubdomain=de\"><span style=\"vertical-align: inherit;\">Caspar<\/span><\/a><span style=\"vertical-align: inherit;\"> hat leider ein Talent daf\u00fcr, Ordnung zu halten, sodass er bei THE VIELD daf\u00fcr sorgt, dass der Strom l\u00e4uft, das Wasser warm bleibt und die \u00c4mter gl\u00fccklich sind. Gl\u00fccklicherweise ber\u00e4t er aber auch Kunden aus verschiedenen Branchen mit seiner Erfahrung in Partnerschaften, Content-Strategie, Medien und digitalem Produktdesign. Seine wahren Leidenschaften sind jedoch Fu\u00dfball, seine Kinder und seine Mitgr\u00fcnderin (nicht unbedingt in dieser Reihenfolge).<\/span><\/div>\n<p>[\/vc_column_text][\/vc_column_inner][\/vc_row_inner][\/vc_column][\/vc_row][vc_row][vc_column][vc_empty_space height=&#8220;50px&#8220; el_class=&#8220;espaciosparaabout&#8220;][\/vc_column][\/vc_row][vc_row][vc_column width=&#8220;1\/2&#8243; el_class=&#8220;parados&#8220;][vc_row_inner][vc_column_inner el_class=&#8220;columunoabout&#8220; width=&#8220;1\/2&#8243;][vc_single_image image=&#8220;1033&#8243; img_size=&#8220;full&#8220; el_class=&#8220;imageneshome&#8220;][\/vc_column_inner][vc_column_inner el_class=&#8220;columdosabout&#8220; width=&#8220;1\/2&#8243;][vc_column_text css=&#8220;.vc_custom_1652862282611{margin-bottom: 0px !important;}&#8220; el_class=&#8220;taronja elaboutuno&#8220;]<\/p>\n<h3>THE DESIREE<\/h3>\n<p>[\/vc_column_text][vc_column_text css=&#8220;.vc_custom_1651504573829{margin-bottom: 5px !important;}&#8220; el_class=&#8220;subabout&#8220;]Head of Guest Taming and Survival Suppliance[\/vc_column_text][vc_column_text css=&#8220;&#8220; el_class=&#8220;textpequeabout&#8220;]<span style=\"vertical-align: inherit;\">Desi ist das, was man eine \u201eKlebstoff-Person\u201c nennt. Sie h\u00e4lt alles zusammen. Sie bewahrt auch in stressigen Situationen die Ruhe und schafft es, jeden mit ihrem unverkennbaren L\u00e4cheln zu bezaubern. Liebe und K\u00f6stlichkeit pr\u00e4gen ihr Essen und geben einem dieses warme, aufgehobene Gef\u00fchl, das nur sie vermittelt. Ihr eigenes Gesch\u00e4ft <\/span><a href=\"https:\/\/www.instagram.com\/bohazel_berlin\/\"><span style=\"vertical-align: inherit;\">Bohazel Berlin<\/span><\/a><span style=\"vertical-align: inherit;\"> strahlt diesen Geist ebenso aus wie ihren guten Geschmack. Schaut unbedingt vorbei.<\/span>[\/vc_column_text][\/vc_column_inner][\/vc_row_inner][\/vc_column][vc_column width=&#8220;1\/2&#8243;][vc_row_inner][vc_column_inner el_class=&#8220;columunoabout&#8220; width=&#8220;1\/2&#8243;][vc_single_image image=&#8220;2731&#8243; img_size=&#8220;full&#8220; el_class=&#8220;imageneshome&#8220;][\/vc_column_inner][vc_column_inner el_class=&#8220;columdosabout&#8220; width=&#8220;1\/2&#8243;][vc_column_text css=&#8220;.vc_custom_1679046892361{margin-bottom: 0px !important;}&#8220; el_class=&#8220;taronja elaboutuno&#8220;]<\/p>\n<h3>THE REN\u00c9<\/h3>\n<p>[\/vc_column_text][vc_column_text css=&#8220;.vc_custom_1747292334498{margin-bottom: 5px !important;}&#8220; el_class=&#8220;subabout&#8220;]<span style=\"vertical-align: inherit;\">Hinter den Kulissen Feel Good Management<\/span>[\/vc_column_text][vc_column_text css=&#8220;&#8220; el_class=&#8220;textpequeabout&#8220;]<span style=\"vertical-align: inherit;\">Ren\u00e9 l\u00e4sst seine magische Kraft gerne im Hintergrund wirken aber man sp\u00fcrt sie \u00fcberall. Die Wahrheit ist: Ohne ihn w\u00fcrde der Garten \u00fcberwuchern und sich langsam von bezaubernder Wildheit in eine unausweichliche Wildnis verwandeln, und man w\u00fcrde sich nicht so \u201ezu Hause fern von Zuhause\u201c f\u00fchlen k\u00f6nnen. Er ist im wahrsten Sinne des Wortes ein Meister des Hauses des Gartens.<\/span>[\/vc_column_text][\/vc_column_inner][\/vc_row_inner][\/vc_column][\/vc_row][vc_row][vc_column width=&#8220;1\/2&#8243; el_class=&#8220;parados&#8220;][\/vc_column][vc_column width=&#8220;1\/2&#8243;][\/vc_column][\/vc_row][vc_row][vc_column][vc_row_inner][vc_column_inner el_class=&#8220;columunoabout&#8220; width=&#8220;1\/2&#8243;][vc_single_image image=&#8220;1061&#8243; img_size=&#8220;full&#8220; el_class=&#8220;imageneshome&#8220;][\/vc_column_inner][vc_column_inner el_class=&#8220;columdosabout&#8220; width=&#8220;1\/2&#8243;][vc_column_text css=&#8220;.vc_custom_1747292454527{margin-bottom: 0px !important;}&#8220; el_class=&#8220;taronja elaboutuno&#8220;]<\/p>\n<h3><span style=\"vertical-align: inherit;\">DER POOL<\/span><\/h3>\n<p>[\/vc_column_text][vc_column_text css=&#8220;.vc_custom_1747292469053{margin-bottom: 5px !important;}&#8220; el_class=&#8220;subabout&#8220;]<span style=\"vertical-align: inherit;\">Coaching, Beratung, Kreatives<\/span>[\/vc_column_text][vc_column_text css=&#8220;&#8220; el_class=&#8220;textpequeabout&#8220;]<span style=\"vertical-align: inherit;\">Es sind leider zu viele, um sie hier aufzulisten, aber wir haben die gro\u00dfe Ehre, manchmal auch die Herausforderung und meistens den Spa\u00df, mit einem sorgf\u00e4ltig zusammengestellten Pool von Experten Expertinnen aus verschiedenen Bereichen wie Design Thinking, Storytelling, Biomimikry, Systemdenken, Organisationsstrategie, Branding, Design, Teambildung, Disruption, Digitalisierung \u2013 nun, ihr versteht, worum es geht \u2013 zusammenzuarbeiten.<\/span>[\/vc_column_text][\/vc_column_inner][\/vc_row_inner][vc_empty_space height=&#8220;50px&#8220; el_class=&#8220;espaciosparaabout&#8220;][\/vc_column][\/vc_row][vc_row full_width=&#8220;stretch_row&#8220; content_placement=&#8220;middle&#8220; el_class=&#8220;bandaimagen&#8220; css=&#8220;.vc_custom_1652946750511{background-image: url(https:\/\/thevield.com\/wp-content\/uploads\/2022\/05\/DSC4371_retrospective_2019-1-scaled-1.jpg?id=2244) !important;background-position: center !important;background-repeat: no-repeat !important;background-size: cover !important;}&#8220;][vc_column css=&#8220;.vc_custom_1644920759664{padding-top: 0px !important;}&#8220;][vc_column_text css=&#8220;&#8220; el_class=&#8220;blanco supertitoldos superparrafo&#8220;]<\/p>\n<p style=\"text-align: center;\"><span style=\"vertical-align: inherit;\">\u201eIch kenne mich nur mit gutem Essen und Atmen aus.\u201c<\/span><\/p>\n<p>[\/vc_column_text][vc_column_text css=&#8220;&#8220; el_class=&#8220;blanco microtext&#8220;]<\/p>\n<p style=\"text-align: center;\"><span style=\"vertical-align: inherit;\">Spongebob Schwammkopf<\/span><\/p>\n<p>[\/vc_column_text][\/vc_column][\/vc_row]<\/p>\n<\/div>","protected":false},"excerpt":{"rendered":"<p>[vc_row el_class=&#8220;paratituraro&#8220;][vc_column][vc_column_text css=&#8220;&#8220; el_class=&#8220;taronja&#8220;] \u00dcber uns [\/vc_column_text][vc_column_text css=&#8220;&#8220; el_class=&#8220;tituraroabout&#8220;] Die Vield-Troopers [\/vc_column_text][\/vc_column][\/vc_row][vc_row full_width=&#8220;stretch_row&#8220; content_placement=&#8220;middle&#8220; el_class=&#8220;bandaimagen&#8220; css=&#8220;.vc_custom_1660240912936{background-image: url(https:\/\/thevield.com\/wp-content\/uploads\/2022\/08\/PXL_20220803_162556439.PORTRAIT.jpg?id=2357) !important;background-position: center !important;background-repeat: no-repeat !important;background-size: cover !important;}&#8220;][vc_column css=&#8220;.vc_custom_1644920759664{padding-top: 0px !important;}&#8220;][vc_column_text css=&#8220;&#8220; el_class=&#8220;blanco supertitoldos superparrafo&#8220;] \u201eWenn Menschen mehr draussen sitzen und jeden Abend die Sterne anschauen w\u00fcrden, wette ich, sie w\u00fcrden ein ganz anderes Leben f\u00fchren.\u201c [\/vc_column_text][vc_column_text el_class=&#8220;blanco microtext&#8220;]&hellip;<\/p>\n","protected":false},"author":1,"featured_media":0,"parent":0,"menu_order":6,"comment_status":"closed","ping_status":"closed","template":"","meta":{"om_disable_all_campaigns":false,"inline_featured_image":false,"_monsterinsights_skip_tracking":false,"_monsterinsights_sitenote_active":false,"_monsterinsights_sitenote_note":"","_monsterinsights_sitenote_category":0,"footnotes":""},"class_list":["post-2888","page","type-page","status-publish","hentry","description-off"],"acf":[],"yoast_head":"<!-- This site is optimized with the Yoast SEO plugin v25.0 - https:\/\/yoast.com\/wordpress\/plugins\/seo\/ -->\n<title>About us - The Vield<\/title>\n<meta name=\"description\" content=\"\ud83d\udc69\u200d\ud83c\udf73 \ud83d\udc69\u200d\ud83c\udfeb \ud83d\udc68\u200d\ud83c\udf3e Meet the team to support your offsite and make your stay @THE VIELD a truly special one.\" \/>\n<meta name=\"robots\" content=\"index, follow, max-snippet:-1, max-image-preview:large, max-video-preview:-1\" \/>\n<link rel=\"canonical\" href=\"https:\/\/thevield.com\/de\/about-us\/\" \/>\n<meta property=\"og:locale\" content=\"de_DE\" \/>\n<meta property=\"og:type\" content=\"article\" \/>\n<meta property=\"og:title\" content=\"About us - The Vield\" \/>\n<meta property=\"og:description\" content=\"\ud83d\udc69\u200d\ud83c\udf73 \ud83d\udc69\u200d\ud83c\udfeb \ud83d\udc68\u200d\ud83c\udf3e Meet the team to support your offsite and make your stay @THE VIELD a truly special one.\" \/>\n<meta property=\"og:url\" content=\"https:\/\/thevield.com\/de\/about-us\/\" \/>\n<meta property=\"og:site_name\" content=\"The Vield\" \/>\n<meta property=\"article:publisher\" content=\"https:\/\/www.facebook.com\/thevield\" \/>\n<meta property=\"article:modified_time\" content=\"2025-05-28T07:32:42+00:00\" \/>\n<meta name=\"twitter:card\" content=\"summary_large_image\" \/>\n<meta name=\"twitter:label1\" content=\"Gesch\u00e4tzte Lesezeit\" \/>\n\t<meta name=\"twitter:data1\" content=\"3\u00a0Minuten\" \/>\n<script type=\"application\/ld+json\" class=\"yoast-schema-graph\">{\"@context\":\"https:\/\/schema.org\",\"@graph\":[{\"@type\":\"WebPage\",\"@id\":\"https:\/\/thevield.com\/de\/about-us\/\",\"url\":\"https:\/\/thevield.com\/de\/about-us\/\",\"name\":\"About us - The Vield\",\"isPartOf\":{\"@id\":\"https:\/\/thevield.com\/de\/#website\"},\"datePublished\":\"2022-03-04T10:07:42+00:00\",\"dateModified\":\"2025-05-28T07:32:42+00:00\",\"description\":\"\ud83d\udc69\u200d\ud83c\udf73 \ud83d\udc69\u200d\ud83c\udfeb \ud83d\udc68\u200d\ud83c\udf3e Meet the team to support your offsite and make your stay @THE VIELD a truly special one.\",\"breadcrumb\":{\"@id\":\"https:\/\/thevield.com\/de\/about-us\/#breadcrumb\"},\"inLanguage\":\"de\",\"potentialAction\":[{\"@type\":\"ReadAction\",\"target\":[\"https:\/\/thevield.com\/de\/about-us\/\"]}]},{\"@type\":\"BreadcrumbList\",\"@id\":\"https:\/\/thevield.com\/de\/about-us\/#breadcrumb\",\"itemListElement\":[{\"@type\":\"ListItem\",\"position\":1,\"name\":\"Home\",\"item\":\"https:\/\/thevield.com\/de\/\"},{\"@type\":\"ListItem\",\"position\":2,\"name\":\"About us\"}]},{\"@type\":\"WebSite\",\"@id\":\"https:\/\/thevield.com\/de\/#website\",\"url\":\"https:\/\/thevield.com\/de\/\",\"name\":\"The Vield\",\"description\":\"Just another WordPress site\",\"publisher\":{\"@id\":\"https:\/\/thevield.com\/de\/#organization\"},\"potentialAction\":[{\"@type\":\"SearchAction\",\"target\":{\"@type\":\"EntryPoint\",\"urlTemplate\":\"https:\/\/thevield.com\/de\/?s={search_term_string}\"},\"query-input\":{\"@type\":\"PropertyValueSpecification\",\"valueRequired\":true,\"valueName\":\"search_term_string\"}}],\"inLanguage\":\"de\"},{\"@type\":\"Organization\",\"@id\":\"https:\/\/thevield.com\/de\/#organization\",\"name\":\"THE VIELD\",\"url\":\"https:\/\/thevield.com\/de\/\",\"logo\":{\"@type\":\"ImageObject\",\"inLanguage\":\"de\",\"@id\":\"https:\/\/thevield.com\/de\/#\/schema\/logo\/image\/\",\"url\":\"https:\/\/thevield.com\/wp-content\/uploads\/2022\/11\/THE-VIELD-LOGO.jpg\",\"contentUrl\":\"https:\/\/thevield.com\/wp-content\/uploads\/2022\/11\/THE-VIELD-LOGO.jpg\",\"width\":1024,\"height\":555,\"caption\":\"THE VIELD\"},\"image\":{\"@id\":\"https:\/\/thevield.com\/de\/#\/schema\/logo\/image\/\"},\"sameAs\":[\"https:\/\/www.facebook.com\/thevield\",\"https:\/\/www.instagram.com\/the_vield\/\",\"https:\/\/www.linkedin.com\/company\/the-vield\/\"]}]}<\/script>\n<!-- \/ Yoast SEO plugin. -->","yoast_head_json":{"title":"About us - The Vield","description":"\ud83d\udc69\u200d\ud83c\udf73 \ud83d\udc69\u200d\ud83c\udfeb \ud83d\udc68\u200d\ud83c\udf3e Meet the team to support your offsite and make your stay @THE VIELD a truly special one.","robots":{"index":"index","follow":"follow","max-snippet":"max-snippet:-1","max-image-preview":"max-image-preview:large","max-video-preview":"max-video-preview:-1"},"canonical":"https:\/\/thevield.com\/de\/about-us\/","og_locale":"de_DE","og_type":"article","og_title":"About us - The Vield","og_description":"\ud83d\udc69\u200d\ud83c\udf73 \ud83d\udc69\u200d\ud83c\udfeb \ud83d\udc68\u200d\ud83c\udf3e Meet the team to support your offsite and make your stay @THE VIELD a truly special one.","og_url":"https:\/\/thevield.com\/de\/about-us\/","og_site_name":"The Vield","article_publisher":"https:\/\/www.facebook.com\/thevield","article_modified_time":"2025-05-28T07:32:42+00:00","twitter_card":"summary_large_image","twitter_misc":{"Gesch\u00e4tzte Lesezeit":"3\u00a0Minuten"},"schema":{"@context":"https:\/\/schema.org","@graph":[{"@type":"WebPage","@id":"https:\/\/thevield.com\/de\/about-us\/","url":"https:\/\/thevield.com\/de\/about-us\/","name":"About us - The Vield","isPartOf":{"@id":"https:\/\/thevield.com\/de\/#website"},"datePublished":"2022-03-04T10:07:42+00:00","dateModified":"2025-05-28T07:32:42+00:00","description":"\ud83d\udc69\u200d\ud83c\udf73 \ud83d\udc69\u200d\ud83c\udfeb \ud83d\udc68\u200d\ud83c\udf3e Meet the team to support your offsite and make your stay @THE VIELD a truly special one.","breadcrumb":{"@id":"https:\/\/thevield.com\/de\/about-us\/#breadcrumb"},"inLanguage":"de","potentialAction":[{"@type":"ReadAction","target":["https:\/\/thevield.com\/de\/about-us\/"]}]},{"@type":"BreadcrumbList","@id":"https:\/\/thevield.com\/de\/about-us\/#breadcrumb","itemListElement":[{"@type":"ListItem","position":1,"name":"Home","item":"https:\/\/thevield.com\/de\/"},{"@type":"ListItem","position":2,"name":"About us"}]},{"@type":"WebSite","@id":"https:\/\/thevield.com\/de\/#website","url":"https:\/\/thevield.com\/de\/","name":"The Vield","description":"Just another WordPress site","publisher":{"@id":"https:\/\/thevield.com\/de\/#organization"},"potentialAction":[{"@type":"SearchAction","target":{"@type":"EntryPoint","urlTemplate":"https:\/\/thevield.com\/de\/?s={search_term_string}"},"query-input":{"@type":"PropertyValueSpecification","valueRequired":true,"valueName":"search_term_string"}}],"inLanguage":"de"},{"@type":"Organization","@id":"https:\/\/thevield.com\/de\/#organization","name":"THE VIELD","url":"https:\/\/thevield.com\/de\/","logo":{"@type":"ImageObject","inLanguage":"de","@id":"https:\/\/thevield.com\/de\/#\/schema\/logo\/image\/","url":"https:\/\/thevield.com\/wp-content\/uploads\/2022\/11\/THE-VIELD-LOGO.jpg","contentUrl":"https:\/\/thevield.com\/wp-content\/uploads\/2022\/11\/THE-VIELD-LOGO.jpg","width":1024,"height":555,"caption":"THE VIELD"},"image":{"@id":"https:\/\/thevield.com\/de\/#\/schema\/logo\/image\/"},"sameAs":["https:\/\/www.facebook.com\/thevield","https:\/\/www.instagram.com\/the_vield\/","https:\/\/www.linkedin.com\/company\/the-vield\/"]}]}},"_links":{"self":[{"href":"https:\/\/thevield.com\/de\/wp-json\/wp\/v2\/pages\/2888","targetHints":{"allow":["GET"]}}],"collection":[{"href":"https:\/\/thevield.com\/de\/wp-json\/wp\/v2\/pages"}],"about":[{"href":"https:\/\/thevield.com\/de\/wp-json\/wp\/v2\/types\/page"}],"author":[{"embeddable":true,"href":"https:\/\/thevield.com\/de\/wp-json\/wp\/v2\/users\/1"}],"replies":[{"embeddable":true,"href":"https:\/\/thevield.com\/de\/wp-json\/wp\/v2\/comments?post=2888"}],"version-history":[{"count":3,"href":"https:\/\/thevield.com\/de\/wp-json\/wp\/v2\/pages\/2888\/revisions"}],"predecessor-version":[{"id":2986,"href":"https:\/\/thevield.com\/de\/wp-json\/wp\/v2\/pages\/2888\/revisions\/2986"}],"wp:attachment":[{"href":"https:\/\/thevield.com\/de\/wp-json\/wp\/v2\/media?parent=2888"}],"curies":[{"name":"wp","href":"https:\/\/api.w.org\/{rel}","templated":true}]}}