{"id":2898,"date":"2022-03-03T10:56:48","date_gmt":"2022-03-03T10:56:48","guid":{"rendered":"https:\/\/thevield.com\/impressum\/"},"modified":"2025-06-06T11:27:10","modified_gmt":"2025-06-06T11:27:10","slug":"impressum","status":"publish","type":"page","link":"https:\/\/thevield.com\/de\/impressum\/","title":{"rendered":"Impressum"},"content":{"rendered":"<div class=\"wpb-content-wrapper\"><p>[vc_row css=&#8220;.vc_custom_1646305116476{padding-bottom: 45px !important;}&#8220;][vc_column][vc_column_text el_class=&#8220;taronja&#8220;]<\/p>\n<h3>Impressum<\/h3>\n<p>[\/vc_column_text][vc_column_text]THE VIELD ist ein LEADER F\u00d6RDERPROJEKT<\/p>\n<p><img loading=\"lazy\" decoding=\"async\" class=\"alignnone size-medium wp-image-2002\" src=\"http:\/\/thevield.com\/wp-content\/uploads\/2022\/05\/download-1-300x150.png\" alt=\"\" width=\"300\" height=\"150\" srcset=\"https:\/\/thevield.com\/wp-content\/uploads\/2022\/05\/download-1-300x150.png 300w, https:\/\/thevield.com\/wp-content\/uploads\/2022\/05\/download-1.png 318w\" sizes=\"auto, (max-width: 300px) 100vw, 300px\" \/><\/p>\n<p>&nbsp;<\/p>\n<p>&nbsp;<\/p>\n<p>Angaben gem\u00e4\u00df \u00a75 TMG:<br \/>\nTeamedUp UG (haftungsbeschr\u00e4nkt)<br \/>\nGesch\u00e4ftsf\u00fchrerin: Louisa L\u00f6wenstein<br \/>\nKirchstrasse 40<br \/>\n16835 Vielitzsee<\/p>\n<p>Vertreten durch:<br \/>\nLouisa L\u00f6wenstein<\/p>\n<p>Kontakt:<br \/>\nE-Mail: louisa@thevield.com<\/p>\n<p>Fotoinhalte:<br \/>\nLouisa L\u00f6wenstein, Unsplash, Pixabay, Simon Oblescak<\/p>\n<p>\u200bText und Konzept:<br \/>\nLouisa L\u00f6wenstein<\/p>\n<p>Corporate Design:<br \/>\nDirk Queck und Louisa L\u00f6wenstein[\/vc_column_text][\/vc_column][\/vc_row]<\/p>\n<\/div>","protected":false},"excerpt":{"rendered":"<p>[vc_row css=&#8220;.vc_custom_1646305116476{padding-bottom: 45px !important;}&#8220;][vc_column][vc_column_text el_class=&#8220;taronja&#8220;] Impressum [\/vc_column_text][vc_column_text]THE VIELD ist ein LEADER F\u00d6RDERPROJEKT &nbsp; &nbsp; Angaben gem\u00e4\u00df \u00a75 TMG: TeamedUp UG (haftungsbeschr\u00e4nkt) Gesch\u00e4ftsf\u00fchrerin: Louisa L\u00f6wenstein Kirchstrasse 40 16835 Vielitzsee Vertreten durch: Louisa L\u00f6wenstein Kontakt: E-Mail: louisa@thevield.com Fotoinhalte: Louisa L\u00f6wenstein, Unsplash, Pixabay, Simon Oblescak \u200bText und Konzept: Louisa L\u00f6wenstein Corporate Design: Dirk Queck und Louisa L\u00f6wenstein[\/vc_column_text][\/vc_column][\/vc_row]<\/p>\n","protected":false},"author":1,"featured_media":0,"parent":0,"menu_order":9,"comment_status":"closed","ping_status":"closed","template":"","meta":{"om_disable_all_campaigns":false,"inline_featured_image":false,"_monsterinsights_skip_tracking":false,"_monsterinsights_sitenote_active":false,"_monsterinsights_sitenote_note":"","_monsterinsights_sitenote_category":0,"footnotes":""},"class_list":["post-2898","page","type-page","status-publish","hentry","description-off"],"acf":[],"yoast_head":"<!-- This site is optimized with the Yoast SEO plugin v25.0 - https:\/\/yoast.com\/wordpress\/plugins\/seo\/ -->\n<title>Impressum - The Vield<\/title>\n<meta name=\"description\" content=\"THE VIELD ist eure Adresse f\u00fcr das perfekte Team Offsite in Brandenburg nur eine Stunde von Berlin entfernt\" \/>\n<meta name=\"robots\" content=\"index, follow, max-snippet:-1, max-image-preview:large, max-video-preview:-1\" \/>\n<link rel=\"canonical\" href=\"https:\/\/thevield.com\/de\/impressum\/\" \/>\n<meta property=\"og:locale\" content=\"de_DE\" \/>\n<meta property=\"og:type\" content=\"article\" \/>\n<meta property=\"og:title\" content=\"Impressum - The Vield\" \/>\n<meta property=\"og:description\" content=\"THE VIELD ist eure Adresse f\u00fcr das perfekte Team Offsite in Brandenburg nur eine Stunde von Berlin entfernt\" \/>\n<meta property=\"og:url\" content=\"https:\/\/thevield.com\/de\/impressum\/\" \/>\n<meta property=\"og:site_name\" content=\"The Vield\" \/>\n<meta property=\"article:publisher\" content=\"https:\/\/www.facebook.com\/thevield\" \/>\n<meta property=\"article:modified_time\" content=\"2025-06-06T11:27:10+00:00\" \/>\n<meta property=\"og:image\" content=\"https:\/\/thevield.com\/wp-content\/uploads\/2022\/05\/download-1.png\" \/>\n\t<meta property=\"og:image:width\" content=\"318\" \/>\n\t<meta property=\"og:image:height\" content=\"159\" \/>\n\t<meta property=\"og:image:type\" content=\"image\/png\" \/>\n<meta name=\"twitter:card\" content=\"summary_large_image\" \/>\n<meta name=\"twitter:label1\" content=\"Gesch\u00e4tzte Lesezeit\" \/>\n\t<meta name=\"twitter:data1\" content=\"1\u00a0Minute\" \/>\n<script type=\"application\/ld+json\" class=\"yoast-schema-graph\">{\"@context\":\"https:\/\/schema.org\",\"@graph\":[{\"@type\":\"WebPage\",\"@id\":\"https:\/\/thevield.com\/de\/impressum\/\",\"url\":\"https:\/\/thevield.com\/de\/impressum\/\",\"name\":\"Impressum - The Vield\",\"isPartOf\":{\"@id\":\"https:\/\/thevield.com\/de\/#website\"},\"primaryImageOfPage\":{\"@id\":\"https:\/\/thevield.com\/de\/impressum\/#primaryimage\"},\"image\":{\"@id\":\"https:\/\/thevield.com\/de\/impressum\/#primaryimage\"},\"thumbnailUrl\":\"http:\/\/thevield.com\/wp-content\/uploads\/2022\/05\/download-1-300x150.png\",\"datePublished\":\"2022-03-03T10:56:48+00:00\",\"dateModified\":\"2025-06-06T11:27:10+00:00\",\"description\":\"THE VIELD ist eure Adresse f\u00fcr das perfekte Team Offsite in Brandenburg nur eine Stunde von Berlin entfernt\",\"breadcrumb\":{\"@id\":\"https:\/\/thevield.com\/de\/impressum\/#breadcrumb\"},\"inLanguage\":\"de\",\"potentialAction\":[{\"@type\":\"ReadAction\",\"target\":[\"https:\/\/thevield.com\/de\/impressum\/\"]}]},{\"@type\":\"ImageObject\",\"inLanguage\":\"de\",\"@id\":\"https:\/\/thevield.com\/de\/impressum\/#primaryimage\",\"url\":\"http:\/\/thevield.com\/wp-content\/uploads\/2022\/05\/download-1-300x150.png\",\"contentUrl\":\"http:\/\/thevield.com\/wp-content\/uploads\/2022\/05\/download-1-300x150.png\"},{\"@type\":\"BreadcrumbList\",\"@id\":\"https:\/\/thevield.com\/de\/impressum\/#breadcrumb\",\"itemListElement\":[{\"@type\":\"ListItem\",\"position\":1,\"name\":\"Home\",\"item\":\"https:\/\/thevield.com\/de\/\"},{\"@type\":\"ListItem\",\"position\":2,\"name\":\"Impressum\"}]},{\"@type\":\"WebSite\",\"@id\":\"https:\/\/thevield.com\/de\/#website\",\"url\":\"https:\/\/thevield.com\/de\/\",\"name\":\"The Vield\",\"description\":\"Just another WordPress site\",\"publisher\":{\"@id\":\"https:\/\/thevield.com\/de\/#organization\"},\"potentialAction\":[{\"@type\":\"SearchAction\",\"target\":{\"@type\":\"EntryPoint\",\"urlTemplate\":\"https:\/\/thevield.com\/de\/?s={search_term_string}\"},\"query-input\":{\"@type\":\"PropertyValueSpecification\",\"valueRequired\":true,\"valueName\":\"search_term_string\"}}],\"inLanguage\":\"de\"},{\"@type\":\"Organization\",\"@id\":\"https:\/\/thevield.com\/de\/#organization\",\"name\":\"THE VIELD\",\"url\":\"https:\/\/thevield.com\/de\/\",\"logo\":{\"@type\":\"ImageObject\",\"inLanguage\":\"de\",\"@id\":\"https:\/\/thevield.com\/de\/#\/schema\/logo\/image\/\",\"url\":\"https:\/\/thevield.com\/wp-content\/uploads\/2022\/11\/THE-VIELD-LOGO.jpg\",\"contentUrl\":\"https:\/\/thevield.com\/wp-content\/uploads\/2022\/11\/THE-VIELD-LOGO.jpg\",\"width\":1024,\"height\":555,\"caption\":\"THE VIELD\"},\"image\":{\"@id\":\"https:\/\/thevield.com\/de\/#\/schema\/logo\/image\/\"},\"sameAs\":[\"https:\/\/www.facebook.com\/thevield\",\"https:\/\/www.instagram.com\/the_vield\/\",\"https:\/\/www.linkedin.com\/company\/the-vield\/\"]}]}<\/script>\n<!-- \/ Yoast SEO plugin. -->","yoast_head_json":{"title":"Impressum - The Vield","description":"THE VIELD ist eure Adresse f\u00fcr das perfekte Team Offsite in Brandenburg nur eine Stunde von Berlin entfernt","robots":{"index":"index","follow":"follow","max-snippet":"max-snippet:-1","max-image-preview":"max-image-preview:large","max-video-preview":"max-video-preview:-1"},"canonical":"https:\/\/thevield.com\/de\/impressum\/","og_locale":"de_DE","og_type":"article","og_title":"Impressum - The Vield","og_description":"THE VIELD ist eure Adresse f\u00fcr das perfekte Team Offsite in Brandenburg nur eine Stunde von Berlin entfernt","og_url":"https:\/\/thevield.com\/de\/impressum\/","og_site_name":"The Vield","article_publisher":"https:\/\/www.facebook.com\/thevield","article_modified_time":"2025-06-06T11:27:10+00:00","og_image":[{"width":318,"height":159,"url":"https:\/\/thevield.com\/wp-content\/uploads\/2022\/05\/download-1.png","type":"image\/png"}],"twitter_card":"summary_large_image","twitter_misc":{"Gesch\u00e4tzte Lesezeit":"1\u00a0Minute"},"schema":{"@context":"https:\/\/schema.org","@graph":[{"@type":"WebPage","@id":"https:\/\/thevield.com\/de\/impressum\/","url":"https:\/\/thevield.com\/de\/impressum\/","name":"Impressum - The Vield","isPartOf":{"@id":"https:\/\/thevield.com\/de\/#website"},"primaryImageOfPage":{"@id":"https:\/\/thevield.com\/de\/impressum\/#primaryimage"},"image":{"@id":"https:\/\/thevield.com\/de\/impressum\/#primaryimage"},"thumbnailUrl":"http:\/\/thevield.com\/wp-content\/uploads\/2022\/05\/download-1-300x150.png","datePublished":"2022-03-03T10:56:48+00:00","dateModified":"2025-06-06T11:27:10+00:00","description":"THE VIELD ist eure Adresse f\u00fcr das perfekte Team Offsite in Brandenburg nur eine Stunde von Berlin entfernt","breadcrumb":{"@id":"https:\/\/thevield.com\/de\/impressum\/#breadcrumb"},"inLanguage":"de","potentialAction":[{"@type":"ReadAction","target":["https:\/\/thevield.com\/de\/impressum\/"]}]},{"@type":"ImageObject","inLanguage":"de","@id":"https:\/\/thevield.com\/de\/impressum\/#primaryimage","url":"http:\/\/thevield.com\/wp-content\/uploads\/2022\/05\/download-1-300x150.png","contentUrl":"http:\/\/thevield.com\/wp-content\/uploads\/2022\/05\/download-1-300x150.png"},{"@type":"BreadcrumbList","@id":"https:\/\/thevield.com\/de\/impressum\/#breadcrumb","itemListElement":[{"@type":"ListItem","position":1,"name":"Home","item":"https:\/\/thevield.com\/de\/"},{"@type":"ListItem","position":2,"name":"Impressum"}]},{"@type":"WebSite","@id":"https:\/\/thevield.com\/de\/#website","url":"https:\/\/thevield.com\/de\/","name":"The Vield","description":"Just another WordPress site","publisher":{"@id":"https:\/\/thevield.com\/de\/#organization"},"potentialAction":[{"@type":"SearchAction","target":{"@type":"EntryPoint","urlTemplate":"https:\/\/thevield.com\/de\/?s={search_term_string}"},"query-input":{"@type":"PropertyValueSpecification","valueRequired":true,"valueName":"search_term_string"}}],"inLanguage":"de"},{"@type":"Organization","@id":"https:\/\/thevield.com\/de\/#organization","name":"THE VIELD","url":"https:\/\/thevield.com\/de\/","logo":{"@type":"ImageObject","inLanguage":"de","@id":"https:\/\/thevield.com\/de\/#\/schema\/logo\/image\/","url":"https:\/\/thevield.com\/wp-content\/uploads\/2022\/11\/THE-VIELD-LOGO.jpg","contentUrl":"https:\/\/thevield.com\/wp-content\/uploads\/2022\/11\/THE-VIELD-LOGO.jpg","width":1024,"height":555,"caption":"THE VIELD"},"image":{"@id":"https:\/\/thevield.com\/de\/#\/schema\/logo\/image\/"},"sameAs":["https:\/\/www.facebook.com\/thevield","https:\/\/www.instagram.com\/the_vield\/","https:\/\/www.linkedin.com\/company\/the-vield\/"]}]}},"_links":{"self":[{"href":"https:\/\/thevield.com\/de\/wp-json\/wp\/v2\/pages\/2898","targetHints":{"allow":["GET"]}}],"collection":[{"href":"https:\/\/thevield.com\/de\/wp-json\/wp\/v2\/pages"}],"about":[{"href":"https:\/\/thevield.com\/de\/wp-json\/wp\/v2\/types\/page"}],"author":[{"embeddable":true,"href":"https:\/\/thevield.com\/de\/wp-json\/wp\/v2\/users\/1"}],"replies":[{"embeddable":true,"href":"https:\/\/thevield.com\/de\/wp-json\/wp\/v2\/comments?post=2898"}],"version-history":[{"count":1,"href":"https:\/\/thevield.com\/de\/wp-json\/wp\/v2\/pages\/2898\/revisions"}],"predecessor-version":[{"id":3000,"href":"https:\/\/thevield.com\/de\/wp-json\/wp\/v2\/pages\/2898\/revisions\/3000"}],"wp:attachment":[{"href":"https:\/\/thevield.com\/de\/wp-json\/wp\/v2\/media?parent=2898"}],"curies":[{"name":"wp","href":"https:\/\/api.w.org\/{rel}","templated":true}]}}